{"id":263,"date":"2023-03-14T11:53:32","date_gmt":"2023-03-14T10:53:32","guid":{"rendered":"http:\/\/montagne.prospectiv.pro\/groupes-de-personnes-en-situation-de-handicap\/"},"modified":"2026-03-22T12:51:28","modified_gmt":"2026-03-22T11:51:28","slug":"groupes-de-personnes-en-situation-de-handicap","status":"publish","type":"page","link":"https:\/\/www.la-foret-des-singes.com\/en\/groups-and-cse\/groups-of-people-with-disabilities\/","title":{"rendered":"Groups of people with disabilities"},"content":{"rendered":"","protected":false},"excerpt":{"rendered":"","protected":false},"author":1,"featured_media":91,"parent":137,"menu_order":31,"comment_status":"closed","ping_status":"closed","template":"","meta":{"_acf_changed":false,"_seopress_robots_primary_cat":"","_seopress_titles_title":"","_seopress_titles_desc":"Le parcours est accessible aux personnes \u00e0 mobilit\u00e9 r\u00e9duite avec l\u2019assistance d\u2019un accompagnateur. Nous proposons un tarif unique par personne handicap\u00e9e et par accompagnateur.","_seopress_robots_index":"","inline_featured_image":false,"footnotes":""},"class_list":["post-263","page","type-page","status-publish","has-post-thumbnail","hentry"],"acf":[],"publishpress_future_workflow_manual_trigger":{"enabledWorkflows":[]},"_links":{"self":[{"href":"https:\/\/www.la-foret-des-singes.com\/en\/wp-json\/wp\/v2\/pages\/263","targetHints":{"allow":["GET"]}}],"collection":[{"href":"https:\/\/www.la-foret-des-singes.com\/en\/wp-json\/wp\/v2\/pages"}],"about":[{"href":"https:\/\/www.la-foret-des-singes.com\/en\/wp-json\/wp\/v2\/types\/page"}],"author":[{"embeddable":true,"href":"https:\/\/www.la-foret-des-singes.com\/en\/wp-json\/wp\/v2\/users\/1"}],"replies":[{"embeddable":true,"href":"https:\/\/www.la-foret-des-singes.com\/en\/wp-json\/wp\/v2\/comments?post=263"}],"version-history":[{"count":10,"href":"https:\/\/www.la-foret-des-singes.com\/en\/wp-json\/wp\/v2\/pages\/263\/revisions"}],"predecessor-version":[{"id":3187,"href":"https:\/\/www.la-foret-des-singes.com\/en\/wp-json\/wp\/v2\/pages\/263\/revisions\/3187"}],"up":[{"embeddable":true,"href":"https:\/\/www.la-foret-des-singes.com\/en\/wp-json\/wp\/v2\/pages\/137"}],"wp:featuredmedia":[{"embeddable":true,"href":"https:\/\/www.la-foret-des-singes.com\/en\/wp-json\/wp\/v2\/media\/91"}],"wp:attachment":[{"href":"https:\/\/www.la-foret-des-singes.com\/en\/wp-json\/wp\/v2\/media?parent=263"}],"curies":[{"name":"wp","href":"https:\/\/api.w.org\/{rel}","templated":true}]}}