{"id":236,"date":"2023-03-14T11:52:23","date_gmt":"2023-03-14T10:52:35","guid":{"rendered":"http:\/\/montagne.prospectiv.pro\/nourrissages-commentes\/"},"modified":"2026-03-22T12:51:28","modified_gmt":"2026-03-22T11:51:28","slug":"nourrissages-commentes","status":"publish","type":"page","link":"https:\/\/www.la-foret-des-singes.com\/en\/our-activities\/feeding-talks\/","title":{"rendered":"Feeding talks"},"content":{"rendered":"","protected":false},"excerpt":{"rendered":"","protected":false},"author":1,"featured_media":3060,"parent":121,"menu_order":21,"comment_status":"closed","ping_status":"closed","template":"","meta":{"_acf_changed":false,"_seopress_robots_primary_cat":"","_seopress_titles_title":"","_seopress_titles_desc":"Des animateurs nature \u00e0 votre \u00e9coute. Situ\u00e9s tout au long du parcours, nos animateurs nature sont \u00e0 votre disposition pour r\u00e9pondre \u00e0 vos questions.","_seopress_robots_index":"","inline_featured_image":false,"footnotes":""},"class_list":["post-236","page","type-page","status-publish","has-post-thumbnail","hentry"],"acf":[],"publishpress_future_workflow_manual_trigger":{"enabledWorkflows":[]},"_links":{"self":[{"href":"https:\/\/www.la-foret-des-singes.com\/en\/wp-json\/wp\/v2\/pages\/236","targetHints":{"allow":["GET"]}}],"collection":[{"href":"https:\/\/www.la-foret-des-singes.com\/en\/wp-json\/wp\/v2\/pages"}],"about":[{"href":"https:\/\/www.la-foret-des-singes.com\/en\/wp-json\/wp\/v2\/types\/page"}],"author":[{"embeddable":true,"href":"https:\/\/www.la-foret-des-singes.com\/en\/wp-json\/wp\/v2\/users\/1"}],"replies":[{"embeddable":true,"href":"https:\/\/www.la-foret-des-singes.com\/en\/wp-json\/wp\/v2\/comments?post=236"}],"version-history":[{"count":28,"href":"https:\/\/www.la-foret-des-singes.com\/en\/wp-json\/wp\/v2\/pages\/236\/revisions"}],"predecessor-version":[{"id":5518,"href":"https:\/\/www.la-foret-des-singes.com\/en\/wp-json\/wp\/v2\/pages\/236\/revisions\/5518"}],"up":[{"embeddable":true,"href":"https:\/\/www.la-foret-des-singes.com\/en\/wp-json\/wp\/v2\/pages\/121"}],"wp:featuredmedia":[{"embeddable":true,"href":"https:\/\/www.la-foret-des-singes.com\/en\/wp-json\/wp\/v2\/media\/3060"}],"wp:attachment":[{"href":"https:\/\/www.la-foret-des-singes.com\/en\/wp-json\/wp\/v2\/media?parent=236"}],"curies":[{"name":"wp","href":"https:\/\/api.w.org\/{rel}","templated":true}]}}