{"id":233,"date":"2023-03-14T11:51:49","date_gmt":"2023-03-14T10:51:49","guid":{"rendered":"http:\/\/montagne.prospectiv.pro\/visite-privee\/"},"modified":"2026-03-22T12:51:27","modified_gmt":"2026-03-22T11:51:27","slug":"visite-privee","status":"publish","type":"page","link":"https:\/\/www.la-foret-des-singes.com\/en\/practical-information\/private-visit\/","title":{"rendered":"Private visit"},"content":{"rendered":"","protected":false},"excerpt":{"rendered":"","protected":false},"author":1,"featured_media":3260,"parent":119,"menu_order":10,"comment_status":"closed","ping_status":"closed","template":"","meta":{"_acf_changed":false,"_seopress_robots_primary_cat":"","_seopress_titles_title":"","_seopress_titles_desc":"VISITE PRIV\u00c9E - Petit d\u00e9jeuner avec les singes ! Venez vivre un moment exceptionnel et privil\u00e9gi\u00e9 accompagn\u00e9 par un guide exp\u00e9riment\u00e9 du parc\u00a0!","_seopress_robots_index":"","inline_featured_image":false,"footnotes":""},"class_list":["post-233","page","type-page","status-publish","has-post-thumbnail","hentry"],"acf":[],"publishpress_future_workflow_manual_trigger":{"enabledWorkflows":[]},"_links":{"self":[{"href":"https:\/\/www.la-foret-des-singes.com\/en\/wp-json\/wp\/v2\/pages\/233","targetHints":{"allow":["GET"]}}],"collection":[{"href":"https:\/\/www.la-foret-des-singes.com\/en\/wp-json\/wp\/v2\/pages"}],"about":[{"href":"https:\/\/www.la-foret-des-singes.com\/en\/wp-json\/wp\/v2\/types\/page"}],"author":[{"embeddable":true,"href":"https:\/\/www.la-foret-des-singes.com\/en\/wp-json\/wp\/v2\/users\/1"}],"replies":[{"embeddable":true,"href":"https:\/\/www.la-foret-des-singes.com\/en\/wp-json\/wp\/v2\/comments?post=233"}],"version-history":[{"count":61,"href":"https:\/\/www.la-foret-des-singes.com\/en\/wp-json\/wp\/v2\/pages\/233\/revisions"}],"predecessor-version":[{"id":5509,"href":"https:\/\/www.la-foret-des-singes.com\/en\/wp-json\/wp\/v2\/pages\/233\/revisions\/5509"}],"up":[{"embeddable":true,"href":"https:\/\/www.la-foret-des-singes.com\/en\/wp-json\/wp\/v2\/pages\/119"}],"wp:featuredmedia":[{"embeddable":true,"href":"https:\/\/www.la-foret-des-singes.com\/en\/wp-json\/wp\/v2\/media\/3260"}],"wp:attachment":[{"href":"https:\/\/www.la-foret-des-singes.com\/en\/wp-json\/wp\/v2\/media?parent=233"}],"curies":[{"name":"wp","href":"https:\/\/api.w.org\/{rel}","templated":true}]}}