{"id":139,"date":"2023-03-10T17:21:23","date_gmt":"2023-03-10T16:21:23","guid":{"rendered":"http:\/\/montagne.prospectiv.pro\/actions-et-engagements\/"},"modified":"2026-03-22T12:51:28","modified_gmt":"2026-03-22T11:51:28","slug":"actions-et-engagements","status":"publish","type":"page","link":"https:\/\/www.la-foret-des-singes.com\/en\/actions-and-commitments\/","title":{"rendered":"Actions and commitments"},"content":{"rendered":"","protected":false},"excerpt":{"rendered":"","protected":false},"author":1,"featured_media":3142,"parent":0,"menu_order":34,"comment_status":"closed","ping_status":"closed","template":"","meta":{"_acf_changed":false,"_seopress_robots_primary_cat":"","_seopress_titles_title":"","_seopress_titles_desc":"Le Magot \u00e9tait encore pr\u00e9sent dans toute l\u2019Afrique du Nord il y a environ 300 ans ! La For\u00eat des Singes participe activement \u00e0 la pr\u00e9servation du macaque de Barbarie","_seopress_robots_index":"","inline_featured_image":false,"footnotes":""},"class_list":["post-139","page","type-page","status-publish","has-post-thumbnail","hentry"],"acf":[],"publishpress_future_workflow_manual_trigger":{"enabledWorkflows":[]},"_links":{"self":[{"href":"https:\/\/www.la-foret-des-singes.com\/en\/wp-json\/wp\/v2\/pages\/139","targetHints":{"allow":["GET"]}}],"collection":[{"href":"https:\/\/www.la-foret-des-singes.com\/en\/wp-json\/wp\/v2\/pages"}],"about":[{"href":"https:\/\/www.la-foret-des-singes.com\/en\/wp-json\/wp\/v2\/types\/page"}],"author":[{"embeddable":true,"href":"https:\/\/www.la-foret-des-singes.com\/en\/wp-json\/wp\/v2\/users\/1"}],"replies":[{"embeddable":true,"href":"https:\/\/www.la-foret-des-singes.com\/en\/wp-json\/wp\/v2\/comments?post=139"}],"version-history":[{"count":17,"href":"https:\/\/www.la-foret-des-singes.com\/en\/wp-json\/wp\/v2\/pages\/139\/revisions"}],"predecessor-version":[{"id":5527,"href":"https:\/\/www.la-foret-des-singes.com\/en\/wp-json\/wp\/v2\/pages\/139\/revisions\/5527"}],"wp:featuredmedia":[{"embeddable":true,"href":"https:\/\/www.la-foret-des-singes.com\/en\/wp-json\/wp\/v2\/media\/3142"}],"wp:attachment":[{"href":"https:\/\/www.la-foret-des-singes.com\/en\/wp-json\/wp\/v2\/media?parent=139"}],"curies":[{"name":"wp","href":"https:\/\/api.w.org\/{rel}","templated":true}]}}